{"id":6069,"date":"2026-04-22T19:10:49","date_gmt":"2026-04-22T16:10:49","guid":{"rendered":"https:\/\/retreat-camps.com\/academy\/?page_id=6069"},"modified":"2026-04-22T20:09:28","modified_gmt":"2026-04-22T17:09:28","slug":"resurse-gratuite","status":"publish","type":"page","link":"https:\/\/retreat-camps.com\/academy\/resurse-gratuite\/","title":{"rendered":"Resurse Gratuite"},"content":{"rendered":"<div class=\"wpb-content-wrapper\"><p>[vc_row full_width=&#8221;stretch_row_content_no_spaces&#8221; content_placement=&#8221;middle&#8221; css=&#8221;.vc_custom_1776877744705{margin-top: -100px !important;margin-bottom: 0px !important;padding-top: 150px !important;padding-bottom: 150px !important;background: #F0F4FA00 url(https:\/\/retreat-camps.com\/academy\/wp-content\/uploads\/2025\/11\/Ateliere-online-header.jpg?id=5477) !important;background-position: center !important;background-repeat: no-repeat !important;background-size: cover !important;}&#8221;][vc_column css=&#8221;.vc_custom_1776877708945{margin-bottom: 0px !important;background-color: #FFFFFF00 !important;background-position: center !important;background-repeat: no-repeat !important;background-size: cover !important;}&#8221;][vc_custom_heading text=&#8221;Resurse Gratuite&#8221; font_container=&#8221;tag:h1|font_size:40px|text_align:center|color:%238224E3&#8243; use_theme_fonts=&#8221;yes&#8221; css=&#8221;&#8221;][\/vc_column][\/vc_row][vc_row full_width=&#8221;stretch_row&#8221; el_class=&#8221;overflowed_content&#8221; css=&#8221;.vc_custom_1776877688331{margin-bottom: 0px !important;background-color: #FFFFFF !important;}&#8221;][vc_column][vc_empty_space height=&#8221;15px&#8221; laptop_height=&#8221;15px&#8221; tablet_height=&#8221;15px&#8221; mobile_height=&#8221;15px&#8221;][vc_custom_heading text=&#8221;Descoper\u0103 Retreat Camps Academy&#8221; font_container=&#8221;tag:h2|text_align:center&#8221; use_theme_fonts=&#8221;yes&#8221; css=&#8221;&#8221;][vc_empty_space height=&#8221;15px&#8221; laptop_height=&#8221;15px&#8221; tablet_height=&#8221;15px&#8221; mobile_height=&#8221;15px&#8221;][vc_column_text css=&#8221;&#8221;]<\/p>\n<p class=\"s35\" style=\"text-align: center;\"><strong><span class=\"s7\">Spa\u021biul<\/span> <span class=\"s7\">t\u0103u<\/span> <span class=\"s7\">sacru<\/span><span class=\"s7\"> de <\/span><span class=\"s7\">evolu\u021bie<\/span><span class=\"s7\">, <\/span><span class=\"s7\">reconectare<\/span> <span class=\"s7\">\u0219i<\/span> <span class=\"s7\">transformare<\/span><span class=\"s7\">.<\/span><\/strong><\/p>\n<p class=\"s36\" style=\"text-align: center;\"><span class=\"s6\">Pe aceast\u0103 pagin\u0103<\/span>\u00a0<span class=\"s6\">vei<\/span> <span class=\"s6\">descoperi<\/span> resurse gratuite:<strong><span class=\"s7\">\u00a0<\/span><span class=\"s7\">ateliere<\/span> <span class=\"s6\">\u0219i<\/span> <span class=\"s7\">programe<\/span><span class=\"s7\"> online<\/span> <span class=\"s6\">pe<\/span> <span class=\"s6\">teme<\/span><\/strong><span class=\"s6\"><strong> diverse<\/strong> \u2014 de la <\/span><span class=\"s6\">medita\u021bii<\/span><span class=\"s6\">, <\/span><span class=\"s6\">ritualuri<\/span><span class=\"s6\">, <\/span><span class=\"s6\">tehnici<\/span><span class=\"s6\"> de <\/span><span class=\"s6\">respira\u021bie<\/span> <span class=\"s6\">\u0219i<\/span> <span class=\"s6\">practici<\/span> <span class=\"s6\">energetice<\/span><span class=\"s6\">, <\/span><span class=\"s6\">p\u00e2n\u0103<\/span><span class=\"s6\"> la yoga, <\/span><span class=\"s6\">pilates<\/span><span class=\"s6\">, <\/span><span class=\"s6\">dans<\/span> <span class=\"s6\">sacru<\/span><span class=\"s6\">, <\/span><span class=\"s6\">mi\u0219care<\/span> <span class=\"s6\">con\u0219tient\u0103<\/span> <span class=\"s6\">\u0219i<\/span> <span class=\"s6\">reconectare<\/span><span class=\"s6\"> cu <\/span><span class=\"s6\">corpul<\/span><span class=\"s6\">.<\/span><\/p>\n<p class=\"s36\" style=\"text-align: center;\"><span class=\"s6\"><strong>Te invit\u0103m s\u0103 descoperi \u00eentreaga platform\u0103 Retreat Camps Academy.<\/strong> Aceasta<\/span> <span class=\"s6\">este<\/span> <span class=\"s6\">mult<\/span> <span class=\"s6\">mai<\/span> <span class=\"s6\">mult<\/span> <span class=\"s6\">dec\u00e2t<\/span><span class=\"s6\"> un <\/span><span class=\"s6\">loc<\/span> <span class=\"s6\">\u00een<\/span><span class=\"s6\"> care <\/span><span class=\"s6\">\u00eenve\u021bi<\/span> <span class=\"s6\">lucruri<\/span> <span class=\"s6\">noi<\/span><span class=\"s6\">. Este <\/span><span class=\"s6\">un <\/span><span class=\"s6\">spa\u021biu<\/span> <span class=\"s6\">sacru<\/span><span class=\"s6\"> al <\/span><span class=\"s6\">sufletelor<\/span><span class=\"s6\"> care se <\/span><span class=\"s6\">\u00eent\u00e2lnesc<\/span> <span class=\"s6\">pentru<\/span><span class=\"s6\"> a se <\/span><span class=\"s6\">sus\u021bine<\/span> <span class=\"s6\">reciproc<\/span> <span class=\"s6\">\u00een<\/span> <span class=\"s6\">procesul<\/span><span class=\"s6\"> de <\/span><span class=\"s6\">vindecare<\/span> <span class=\"s6\">\u0219i <\/span><span class=\"s6\">evolu\u021bie<\/span> <span class=\"s6\">pe<\/span> <span class=\"s6\">toate<\/span> <span class=\"s6\">cele<\/span> <span class=\"s6\">cinci<\/span> <span class=\"s6\">planuri<\/span><span class=\"s6\"> ale <\/span><span class=\"s6\">fiin\u021bei<\/span><span class=\"s6\">: mental, <\/span><span class=\"s6\">fizic<\/span><span class=\"s6\">, <\/span><span class=\"s6\">emo\u021bional<\/span><span class=\"s6\">, energetic <\/span><span class=\"s6\">\u0219i<\/span><span class=\"s6\"> spiritual.<\/span><\/p>\n<p class=\"s36\" style=\"text-align: center;\"><span class=\"s6\">Aici<\/span> <span class=\"s6\">te<\/span> <span class=\"s6\">po\u021bi<\/span> <span class=\"s6\">sim\u021bi<\/span> <span class=\"s6\">liber(<\/span><span class=\"s6\">\u0103) <\/span><span class=\"s6\">s\u0103<\/span> <span class=\"s6\">explorezi<\/span><span class=\"s6\">, <\/span><span class=\"s6\">s\u0103<\/span> <span class=\"s6\">cuno\u0219ti<\/span><span class=\"s6\">, <\/span><span class=\"s6\">s\u0103<\/span> <span class=\"s6\">alegi<\/span> <span class=\"s6\">\u0219i<\/span> <span class=\"s6\">s\u0103<\/span> <span class=\"s6\">experimentezi<\/span> <span class=\"s6\">ceea<\/span> <span class=\"s6\">ce <\/span><span class=\"s6\">rezoneaz\u0103<\/span><span class=\"s6\"> cu tine <\/span><span class=\"s6\">\u00een<\/span> <span class=\"s6\">acest<\/span><span class=\"s6\"> moment al <\/span><span class=\"s6\">c\u0103l\u0103toriei<\/span><span class=\"s6\"> tale.<\/span><\/p>\n<p class=\"s36\" style=\"text-align: center;\"><span class=\"s6\">Pentru<\/span><span class=\"s6\"> tine, am <\/span><span class=\"s6\">selectat<\/span><span class=\"s6\"> cu <\/span><span class=\"s6\">grij\u0103<\/span> <span class=\"s6\">programe<\/span> <span class=\"s6\">\u0219i<\/span> <span class=\"s6\">practici<\/span> <span class=\"s6\">autentice<\/span><span class=\"s6\">, create de <\/span><span class=\"s6\">ghizi<\/span> <span class=\"s6\">\u0219i <\/span><span class=\"s6\">facilitatori<\/span> <span class=\"s6\">inspira\u021bi<\/span><span class=\"s6\">, care <\/span><span class=\"s6\">\u00eemp\u0103rt\u0103\u0219esc<\/span><span class=\"s6\"> cu <\/span><span class=\"s6\">iubire<\/span> <span class=\"s6\">\u0219i<\/span> <span class=\"s6\">generozitate<\/span> <span class=\"s6\">instrumente<\/span><span class=\"s6\"> de <\/span><span class=\"s6\">transformare <\/span><span class=\"s6\">profund\u0103<\/span><span class=\"s6\">.<\/span><\/p>\n<p class=\"s36\" style=\"text-align: center;\"><strong><span class=\"s6\">Alege<\/span> <span class=\"s6\">programele<\/span><span class=\"s6\"> care <\/span><span class=\"s6\">te<\/span> <span class=\"s6\">inspir\u0103<\/span> <span class=\"s6\">\u0219i<\/span> <span class=\"s6\">permite-\u021bi<\/span> <span class=\"s6\">s\u0103<\/span> <span class=\"s6\">tr\u0103ie\u0219ti<\/span><span class=\"s6\"> o <\/span><span class=\"s6\">via\u021b\u0103<\/span> <span class=\"s6\">mai<\/span> <span class=\"s6\">con\u0219tient\u0103<\/span><span class=\"s6\">, <\/span><span class=\"s6\">mai <\/span><span class=\"s6\">\u00eemplinit\u0103<\/span> <span class=\"s6\">\u0219i<\/span> <span class=\"s6\">mai<\/span> <span class=\"s6\">armonioas\u0103<\/span><span class=\"s6\">.<\/span><\/strong><\/p>\n<p>[\/vc_column_text][vc_btn title=&#8221;Vezi tutorialul de utilizare al Platformei&#8221; color=&#8221;violet&#8221; size=&#8221;lg&#8221; align=&#8221;center&#8221; css=&#8221;&#8221; link=&#8221;url:https%3A%2F%2Fretreat-camps.com%2Facademy%2Fwp-content%2Fuploads%2F2025%2F11%2FTutorial-platforma-Academy.pdf|target:_blank&#8221;][vc_empty_space height=&#8221;85px&#8221; laptop_height=&#8221;75px&#8221; tablet_height=&#8221;65px&#8221; mobile_height=&#8221;55px&#8221;][\/vc_column][\/vc_row][vc_row full_width=&#8221;stretch_row&#8221; el_class=&#8221;overflowed_content&#8221; css=&#8221;.vc_custom_1589545808737{margin-bottom: 0px !important;background-color: #f2f6fb !important;}&#8221;][vc_column][vc_empty_space height=&#8221;15px&#8221; laptop_height=&#8221;15px&#8221; tablet_height=&#8221;15px&#8221; mobile_height=&#8221;15px&#8221;][vc_custom_heading text=&#8221;Resurse Gratuite&#8221; font_container=&#8221;tag:h2|text_align:center&#8221; use_theme_fonts=&#8221;yes&#8221; css=&#8221;&#8221;][vc_empty_space height=&#8221;15px&#8221; laptop_height=&#8221;15px&#8221; tablet_height=&#8221;15px&#8221; mobile_height=&#8221;15px&#8221;][stm_lms_courses_grid hide_top_bar=&#8221;hidden&#8221; per_row=&#8221;4&#8243; taxonomy_default=&#8221;148&#8243;][vc_empty_space height=&#8221;85px&#8221; laptop_height=&#8221;75px&#8221; tablet_height=&#8221;65px&#8221; mobile_height=&#8221;55px&#8221;][\/vc_column][\/vc_row][vc_row full_width=&#8221;stretch_row&#8221; el_class=&#8221;overflowed_content&#8221; css=&#8221;.vc_custom_1776874605230{margin-bottom: 0px !important;background-color: #F2F6FB00 !important;}&#8221;][vc_column][vc_custom_heading text=&#8221;Abonamentele Retreat Camps Academy&#8221; font_container=&#8221;tag:h2|text_align:center&#8221; use_theme_fonts=&#8221;yes&#8221; css=&#8221;&#8221;][vc_separator el_width=&#8221;20&#8243;][vc_column_text css=&#8221;&#8221;]<\/p>\n<p style=\"text-align: center;\"><span class=\"s6\">Fiecare<\/span><span class=\"s6\"> program din <\/span><span class=\"s6\">aceast\u0103<\/span> <span class=\"s6\">platform\u0103<\/span> <span class=\"s6\">a<\/span> <span class=\"s6\">adus<\/span> <span class=\"s6\">deja<\/span> <span class=\"s6\">schimb\u0103ri<\/span> <span class=\"s6\">reale<\/span> <span class=\"s6\">\u00een<\/span> <span class=\"s6\">vie\u021bile<\/span><span class=\"s6\"> a mii de <\/span><span class=\"s6\">oameni<\/span><span class=\"s6\"> \u2014 <\/span><span class=\"s6\">iar<\/span> <span class=\"s6\">acum<\/span><span class=\"s6\"> a <\/span><span class=\"s6\">venit<\/span> <span class=\"s6\">r\u00e2ndul<\/span> <span class=\"s6\">t\u0103u<\/span><span class=\"s6\">.<\/span><\/p>\n<p>[\/vc_column_text][vc_empty_space height=&#8221;30px&#8221; laptop_height=&#8221;75px&#8221; tablet_height=&#8221;65px&#8221; mobile_height=&#8221;55px&#8221;][\/vc_column][\/vc_row][vc_row full_width=&#8221;stretch_row_content&#8221; content_placement=&#8221;middle&#8221;][vc_column width=&#8221;1\/2&#8243; css=&#8221;.vc_custom_1764770517125{margin-left: 10px !important;background-color: #C96BFF00 !important;border-radius: 10px !important;}&#8221;][vc_single_image image=&#8221;5834&#8243; img_size=&#8221;full&#8221; alignment=&#8221;center&#8221; css=&#8221;&#8221;][\/vc_column][vc_column width=&#8221;1\/2&#8243; css=&#8221;.vc_custom_1764770507605{margin-left: 10px !important;background-color: #C96BFF00 !important;border-radius: 10px !important;}&#8221;][vc_single_image image=&#8221;5833&#8243; img_size=&#8221;full&#8221; alignment=&#8221;center&#8221; css=&#8221;&#8221;][\/vc_column][\/vc_row][vc_row full_width=&#8221;stretch_row_content&#8221; content_placement=&#8221;middle&#8221; css=&#8221;.vc_custom_1764770781405{padding-right: 30px !important;padding-bottom: 50px !important;padding-left: 30px !important;}&#8221;][vc_column width=&#8221;1\/4&#8243; css=&#8221;.vc_custom_1760975005686{margin-right: 10px !important;background-color: #8464EA !important;border-radius: 10px !important;}&#8221;][vc_column_text css=&#8221;&#8221;]<\/p>\n<h3 style=\"text-align: center; color: white; font-size: 30px;\">VIP Platinum 1 An<\/h3>\n<ul style=\"color: white;\">\n<li class=\"elementor-repeater-item-14930bd\">\n<div class=\"elementor-price-table__feature-inner\">Acces complet la toate materialele din platform\u0103 (inclusiv cele \u00eenregistrate pe tot parcursul anilor trecuti \u0219i cele care vor urma) pe perioada valabilit\u0103\u021bii cardului VIP.<\/div>\n<\/li>\n<li class=\"elementor-repeater-item-f1cce9e\">\n<div class=\"elementor-price-table__feature-inner\">\u00a0Acces inclusiv la sec\u021biunile dedicate: medita\u021bii, ritualuri, clase de sport \u0219i conectare cu corpul etc.<\/div>\n<\/li>\n<li class=\"elementor-repeater-item-49889d5\">\n<div class=\"elementor-price-table__feature-inner\">\u00a0Acces la minim 4 webinarii online, live, unde te po\u021bi conecta direct cu facilitatorul \u0219i po\u021bi interac\u021biona pun\u00e2nd \u00eentreb\u0103ri.<\/div>\n<\/li>\n<li class=\"elementor-repeater-item-ad4386f\">\n<div class=\"elementor-price-table__feature-inner\">\u00a0Reduceri la retreaturi.<\/div>\n<\/li>\n<li class=\"elementor-repeater-item-4bee47c\">\n<div class=\"elementor-price-table__feature-inner\">\u00a0Cadouri, surprize, reduceri \u0219i materiale de la colaboratorii Retreat Camps.<\/div>\n<\/li>\n<\/ul>\n<h3 style=\"text-align: center; color: white; font-size: 34px;\"><strong>998 RON\/an<\/strong><\/h3>\n<p>[\/vc_column_text][vc_btn title=&#8221;Ma Inscriu&#8221; style=&#8221;classic&#8221; color=&#8221;white&#8221; size=&#8221;lg&#8221; align=&#8221;center&#8221; css=&#8221;&#8221; link=&#8221;url:https%3A%2F%2Fretreat-camps.com%2Facademy%2Fmembership-account%2Fmembership-checkout%2F%3Flevel%3D6&#8243;][\/vc_column][vc_column width=&#8221;1\/4&#8243; css=&#8221;.vc_custom_1764410811556{margin-right: 10px !important;margin-left: 10px !important;background-color: #671496 !important;border-radius: 10px !important;}&#8221;][vc_column_text css=&#8221;&#8221;]<\/p>\n<h3 style=\"text-align: center; color: white; font-size: 30px;\">VIP Platinum 1 lun\u0103<\/h3>\n<ul style=\"color: white;\">\n<li class=\"elementor-repeater-item-14930bd\">\n<div class=\"elementor-price-table__feature-inner\">Acces complet la toate materialele din platform\u0103 (inclusiv cele \u00eenregistrate pe tot parcursul anilor trecuti \u0219i cele care vor urma) pe perioada valabilit\u0103\u021bii cardului VIP.<\/div>\n<\/li>\n<li class=\"elementor-repeater-item-f1cce9e\">\n<div class=\"elementor-price-table__feature-inner\">\u00a0Acces inclusiv la sec\u021biunile dedicate: medita\u021bii, ritualuri, clase de sport \u0219i conectare cu corpul etc.<\/div>\n<\/li>\n<li class=\"elementor-repeater-item-49889d5\">\n<div class=\"elementor-price-table__feature-inner\">\u00a0Acces la minim 4 webinarii online, live, unde te po\u021bi conecta direct cu facilitatorul \u0219i po\u021bi interac\u021biona pun\u00e2nd \u00eentreb\u0103ri.<\/div>\n<\/li>\n<li class=\"elementor-repeater-item-ad4386f\">\n<div class=\"elementor-price-table__feature-inner\">\u00a0Reduceri la retreaturi.<\/div>\n<\/li>\n<li class=\"elementor-repeater-item-4bee47c\">\n<div class=\"elementor-price-table__feature-inner\">\u00a0Cadouri, surprize, reduceri \u0219i materiale de la colaboratorii Retreat Camps.<\/div>\n<\/li>\n<\/ul>\n<h3 style=\"text-align: center; color: white; font-size: 34px;\"><strong>98 RON\/luna<\/strong><\/h3>\n<p>[\/vc_column_text][vc_btn title=&#8221;Ma Inscriu&#8221; style=&#8221;classic&#8221; color=&#8221;white&#8221; size=&#8221;lg&#8221; align=&#8221;center&#8221; css=&#8221;&#8221; link=&#8221;url:https%3A%2F%2Fretreat-camps.com%2Facademy%2Fmembership-account%2Fmembership-checkout%2F%3Flevel%3D1&#8243;][\/vc_column][vc_column width=&#8221;1\/4&#8243; css=&#8221;.vc_custom_1764770567823{margin-right: 10px !important;margin-left: 10px !important;background-color: #C96BFF !important;border-radius: 10px !important;}&#8221;][vc_column_text css=&#8221;&#8221;]<\/p>\n<h3 style=\"text-align: center; color: white; font-size: 30px;\">VIP Standard 1 lun\u0103<\/h3>\n<ul style=\"color: white;\">\n<li class=\"elementor-repeater-item-14930bd\">\n<div class=\"elementor-price-table__feature-inner\">Acces complet la toate materialele din platform\u0103 (inclusiv cele \u00eenregistrate pe tot parcursul anilor trecuti \u0219i cele care vor urma) pe perioada valabilit\u0103\u021bii cardului VIP.<\/div>\n<\/li>\n<li class=\"elementor-repeater-item-f1cce9e\">\n<div class=\"elementor-price-table__feature-inner\">\u00a0Acces inclusiv la sec\u021biunile dedicate: medita\u021bii, ritualuri, clase de sport \u0219i conectare cu corpul etc.<\/div>\n<\/li>\n<\/ul>\n<p>&nbsp;<\/p>\n<p>&nbsp;<\/p>\n<p>&nbsp;<\/p>\n<h3 style=\"text-align: center; color: white; font-size: 34px;\"><strong>58 RON\/luna<\/strong><\/h3>\n<p>[\/vc_column_text][vc_btn title=&#8221;Ma Inscriu&#8221; style=&#8221;classic&#8221; color=&#8221;white&#8221; size=&#8221;lg&#8221; align=&#8221;center&#8221; css=&#8221;&#8221; link=&#8221;url:https%3A%2F%2Fretreat-camps.com%2Facademy%2Fmembership-account%2Fmembership-checkout%2F%3Flevel%3D7&#8243;][\/vc_column][vc_column width=&#8221;1\/4&#8243; css=&#8221;.vc_custom_1764770420924{margin-left: 10px !important;background-color: #C96BFF !important;border-radius: 10px !important;}&#8221;][vc_column_text css=&#8221;&#8221;]<\/p>\n<h3 style=\"text-align: center; color: white; font-size: 30px;\">VIP Standard 1 an<\/h3>\n<ul style=\"color: white;\">\n<li class=\"elementor-repeater-item-14930bd\">\n<div class=\"elementor-price-table__feature-inner\">Acces complet la toate materialele din platform\u0103 (inclusiv cele \u00eenregistrate pe tot parcursul anilor trecuti \u0219i cele care vor urma) pe perioada valabilit\u0103\u021bii cardului VIP.<\/div>\n<\/li>\n<li class=\"elementor-repeater-item-f1cce9e\">\n<div class=\"elementor-price-table__feature-inner\">\u00a0Acces inclusiv la sec\u021biunile dedicate: medita\u021bii, ritualuri, clase de sport \u0219i conectare cu corpul etc.<\/div>\n<\/li>\n<\/ul>\n<p>&nbsp;<\/p>\n<p>&nbsp;<\/p>\n<p>&nbsp;<\/p>\n<h3 style=\"text-align: center; color: white; font-size: 34px;\"><strong>589 RON\/an<\/strong><\/h3>\n<p>[\/vc_column_text][vc_btn title=&#8221;Ma Inscriu&#8221; style=&#8221;classic&#8221; color=&#8221;white&#8221; size=&#8221;lg&#8221; align=&#8221;center&#8221; css=&#8221;&#8221; link=&#8221;url:https%3A%2F%2Fretreat-camps.com%2Facademy%2Fmembership-account%2Fmembership-checkout%2F%3Flevel%3D8&#8243;][\/vc_column][\/vc_row]<\/p>\n<\/div>","protected":false},"excerpt":{"rendered":"<p>[vc_row full_width=&#8221;stretch_row_content_no_spaces&#8221; content_placement=&#8221;middle&#8221; css=&#8221;.vc_custom_1776877744705{margin-top: -100px !important;margin-bottom: 0px !important;padding-top: 150px !important;padding-bottom: 150px !important;background: #F0F4FA00 url(https:\/\/retreat-camps.com\/academy\/wp-content\/uploads\/2025\/11\/Ateliere-online-header.jpg?id=5477) !important;background-position: center !important;background-repeat: no-repeat !important;background-size: cover !important;}&#8221;][vc_column css=&#8221;.vc_custom_1776877708945{margin-bottom: 0px !important;background-color: #FFFFFF00 !important;background-position: center !important;background-repeat: no-repeat !important;background-size: cover !important;}&#8221;][vc_custom_heading text=&#8221;Resurse Gratuite&#8221; font_container=&#8221;tag:h1|font_size:40px|text_align:center|color:%238224E3&#8243; use_theme_fonts=&#8221;yes&#8221; css=&#8221;&#8221;][\/vc_column][\/vc_row][vc_row full_width=&#8221;stretch_row&#8221; el_class=&#8221;overflowed_content&#8221; css=&#8221;.vc_custom_1776877688331{margin-bottom: 0px !important;background-color: #FFFFFF !important;}&#8221;][vc_column][vc_empty_space height=&#8221;15px&#8221; laptop_height=&#8221;15px&#8221; tablet_height=&#8221;15px&#8221; mobile_height=&#8221;15px&#8221;][vc_custom_heading text=&#8221;Descoper\u0103 Retreat Camps Academy&#8221; font_container=&#8221;tag:h2|text_align:center&#8221; use_theme_fonts=&#8221;yes&#8221; css=&#8221;&#8221;][vc_empty_space [&hellip;]<\/p>\n","protected":false},"author":2,"featured_media":0,"parent":0,"menu_order":0,"comment_status":"closed","ping_status":"closed","template":"","meta":{"pmpro_default_level":"","footnotes":""},"class_list":["post-6069","page","type-page","status-publish","hentry","pmpro-has-access"],"_links":{"self":[{"href":"https:\/\/retreat-camps.com\/academy\/wp-json\/wp\/v2\/pages\/6069","targetHints":{"allow":["GET"]}}],"collection":[{"href":"https:\/\/retreat-camps.com\/academy\/wp-json\/wp\/v2\/pages"}],"about":[{"href":"https:\/\/retreat-camps.com\/academy\/wp-json\/wp\/v2\/types\/page"}],"author":[{"embeddable":true,"href":"https:\/\/retreat-camps.com\/academy\/wp-json\/wp\/v2\/users\/2"}],"replies":[{"embeddable":true,"href":"https:\/\/retreat-camps.com\/academy\/wp-json\/wp\/v2\/comments?post=6069"}],"version-history":[{"count":7,"href":"https:\/\/retreat-camps.com\/academy\/wp-json\/wp\/v2\/pages\/6069\/revisions"}],"predecessor-version":[{"id":6077,"href":"https:\/\/retreat-camps.com\/academy\/wp-json\/wp\/v2\/pages\/6069\/revisions\/6077"}],"wp:attachment":[{"href":"https:\/\/retreat-camps.com\/academy\/wp-json\/wp\/v2\/media?parent=6069"}],"curies":[{"name":"wp","href":"https:\/\/api.w.org\/{rel}","templated":true}]}}